{"id":223,"date":"2017-02-06T09:12:52","date_gmt":"2017-02-06T11:12:52","guid":{"rendered":"http:\/\/viewdemo.co\/insuranced\/?page_id=223"},"modified":"2019-05-27T11:42:05","modified_gmt":"2019-05-27T14:42:05","slug":"servicos","status":"publish","type":"page","link":"https:\/\/confier.com.br\/site\/servicos\/","title":{"rendered":"Nossos Servi\u00e7os"},"content":{"rendered":"<p>[vc_row full_width=&#8221;stretch_row_content_no_spaces&#8221;][vc_column 0=&#8221;&#8221;][insuranced_heading title=&#8221;Nossos Servi\u00e7os&#8221; image=&#8221;8&#8243;][\/vc_column][\/vc_row][vc_row full_width=&#8221;stretch_row&#8221; css=&#8221;.vc_custom_1486371905435{border-bottom-width: 1px !important;border-bottom-color: #e9e9e9 !important;border-bottom-style: solid !important;}&#8221;][vc_column css=&#8221;.vc_custom_1486371888593{padding: 0px !important;}&#8221;][insuranced_breadcrumbs items=&#8221;%5B%7B%22title%22%3A%22Home%22%2C%22url%22%3A%22%23%22%7D%2C%7B%22title%22%3A%22Services%22%2C%22url%22%3A%22%23%22%7D%5D&#8221;][\/vc_column][\/vc_row][vc_row desctop_pt=&#8221;padding-md-65t&#8221; tablets_pt=&#8221;padding-sm-45t&#8221; mobile_pt=&#8221;padding-xs-35t&#8221;][vc_column 0=&#8221;&#8221;][insuranced_title title=&#8221;O que n\u00f3s podemos fazer por voc\u00ea?&#8221; text=&#8221;Oferecemos os melhores seguros para prote\u00e7\u00e3o do seu neg\u00f3cio e atuamos juntos a clientes nos Estados de S\u00e3o Paulo, Rio de Janeiro, Minas Gerais, Paran\u00e1, Rond\u00f4nia, Acre, Cear\u00e1, Pernambuco, Bahia, Goi\u00e1s e Distrito Federal. Consulte-nos!&#8221;][\/vc_column][\/vc_row][vc_row desctop_pb=&#8221;padding-md-100b&#8221; tablets_pb=&#8221;padding-sm-50b&#8221; mobile_pb=&#8221;padding-xs-40b&#8221;][vc_column 0=&#8221;&#8221;][vc_row_inner css=&#8221;.vc_custom_1486372643994{padding-bottom: 30px !important;}&#8221;][vc_column_inner width=&#8221;1\/2&#8243;][insuranced_icon_text style=&#8221;style6&#8243; icon_type=&#8221;ticon&#8221; ticon=&#8221;icons8-why-us&#8221; title=&#8221;Consultoria de Riscos&#8221; icon_color=&#8221;#5dc560&#8243;]Buscamos entender o neg\u00f3cio da sua empresa e seus objetivos. Mapeamos as atividades realizadas pela empresa para identifica\u00e7\u00e3o correta e precisa dos riscos a que a ela esta exposta.<\/p>\n<p>Propomos solu\u00e7\u00f5es de melhorias no gerenciamento interno ou contrata\u00e7\u00e3o de coberturas de seguro (transfer\u00eancia dos riscos para seguradora).[\/insuranced_icon_text][vc_empty_space 0=&#8221;&#8221;][insuranced_icon_text style=&#8221;style6&#8243; icon_type=&#8221;ticon&#8221; ticon=&#8221;icons8-card-in-use&#8221; title=&#8221;Gest\u00e3o de Benef\u00edcios&#8221; icon_color=&#8221;#5dc560&#8243;]Analisamos criteriosamente todo o programa de benef\u00edcios vigente na empresa levando-se em considera\u00e7\u00e3o custos, abrang\u00eancia das coberturas, exig\u00eancias legais e objetivos da \u00e1rea de Recursos Humanos.<\/p>\n<p>Negociamos com as melhores operadoras e seguradoras do mercado na busca de solu\u00e7\u00f5es que atendam as totalidades das expectativas da empresa. Emitimos estudo comparativo entre a proposta CONFIER e os benef\u00edcios atualmente vigentes.<\/p>\n<p>Apoiamos todo o processo de implanta\u00e7\u00e3o e gest\u00e3o da proposta apresentada, mediante disponibiliza\u00e7\u00e3o de profissionais especializados e ferramentas de alta tecnologia.[\/insuranced_icon_text][\/vc_column_inner][vc_column_inner width=&#8221;1\/2&#8243;][insuranced_icon_text style=&#8221;style6&#8243; icon_type=&#8221;ticon&#8221; ticon=&#8221;icons8-umbrella&#8221; title=&#8221;Corretagem e Administra\u00e7\u00e3o de Ap\u00f3lices de Seguros&#8221; icon_color=&#8221;#5dc560&#8243;]Negociamos a contrata\u00e7\u00e3o das coberturas de seguro com as melhores seguradoras do mercado. Analisamos as cl\u00e1usulas (contratuais) das ap\u00f3lices emitidas.<\/p>\n<p>Acompanhamos a evolu\u00e7\u00e3o da empresa para adequa\u00e7\u00e3o constante do programa de seguros. Assessoramos a empresa nos processos de sinistro.[\/insuranced_icon_text][vc_empty_space 0=&#8221;&#8221;][\/vc_column_inner][\/vc_row_inner][\/vc_column][\/vc_row]<\/p>\n","protected":false},"excerpt":{"rendered":"<p>[vc_row full_width=&#8221;stretch_row_content_no_spaces&#8221;][vc_column 0=&#8221;&#8221;][insuranced_heading title=&#8221;Nossos Servi\u00e7os&#8221; image=&#8221;8&#8243;][\/vc_column][\/vc_row][vc_row full_width=&#8221;stretch_row&#8221; css=&#8221;.vc_custom_1486371905435{border-bottom-width: 1px !important;border-bottom-color: #e9e9e9 !important;border-bottom-style: solid !important;}&#8221;][vc_column css=&#8221;.vc_custom_1486371888593{padding: 0px !important;}&#8221;][insuranced_breadcrumbs items=&#8221;%5B%7B%22title%22%3A%22Home%22%2C%22url%22%3A%22%23%22%7D%2C%7B%22title%22%3A%22Services%22%2C%22url%22%3A%22%23%22%7D%5D&#8221;][\/vc_column][\/vc_row][vc_row desctop_pt=&#8221;padding-md-65t&#8221; tablets_pt=&#8221;padding-sm-45t&#8221; mobile_pt=&#8221;padding-xs-35t&#8221;][vc_column 0=&#8221;&#8221;][insuranced_title title=&#8221;O que n\u00f3s podemos fazer por voc\u00ea?&#8221; text=&#8221;Oferecemos os melhores seguros para prote\u00e7\u00e3o do seu neg\u00f3cio e atuamos juntos a clientes nos Estados de S\u00e3o Paulo, Rio de Janeiro, Minas Gerais, Paran\u00e1, Rond\u00f4nia, [&hellip;]<\/p>\n","protected":false},"author":1,"featured_media":0,"parent":0,"menu_order":0,"comment_status":"closed","ping_status":"closed","template":"","meta":{"footnotes":""},"aioseo_notices":[],"_links":{"self":[{"href":"https:\/\/confier.com.br\/site\/wp-json\/wp\/v2\/pages\/223"}],"collection":[{"href":"https:\/\/confier.com.br\/site\/wp-json\/wp\/v2\/pages"}],"about":[{"href":"https:\/\/confier.com.br\/site\/wp-json\/wp\/v2\/types\/page"}],"author":[{"embeddable":true,"href":"https:\/\/confier.com.br\/site\/wp-json\/wp\/v2\/users\/1"}],"replies":[{"embeddable":true,"href":"https:\/\/confier.com.br\/site\/wp-json\/wp\/v2\/comments?post=223"}],"version-history":[{"count":21,"href":"https:\/\/confier.com.br\/site\/wp-json\/wp\/v2\/pages\/223\/revisions"}],"predecessor-version":[{"id":3870,"href":"https:\/\/confier.com.br\/site\/wp-json\/wp\/v2\/pages\/223\/revisions\/3870"}],"wp:attachment":[{"href":"https:\/\/confier.com.br\/site\/wp-json\/wp\/v2\/media?parent=223"}],"curies":[{"name":"wp","href":"https:\/\/api.w.org\/{rel}","templated":true}]}}