{"id":11,"date":"2017-01-31T18:57:53","date_gmt":"2017-01-31T20:57:53","guid":{"rendered":"http:\/\/viewdemo.co\/insuranced\/?page_id=6"},"modified":"2021-11-02T20:30:24","modified_gmt":"2021-11-02T23:30:24","slug":"sobre","status":"publish","type":"page","link":"https:\/\/confier.com.br\/site\/sobre\/","title":{"rendered":"Sobre a Confier"},"content":{"rendered":"\t\t<div data-elementor-type=\"wp-post\" data-elementor-id=\"11\" class=\"elementor elementor-11\">\n\t\t\t\t\t\t\t\t\t<section class=\"elementor-section elementor-top-section elementor-element elementor-element-2d7e153 elementor-section-boxed elementor-section-height-default elementor-section-height-default\" data-id=\"2d7e153\" data-element_type=\"section\">\n\t\t\t\t\t\t<div class=\"elementor-container elementor-column-gap-default\">\n\t\t\t\t\t<div class=\"elementor-column elementor-col-100 elementor-top-column elementor-element elementor-element-30dbe383\" data-id=\"30dbe383\" data-element_type=\"column\">\n\t\t\t<div class=\"elementor-widget-wrap elementor-element-populated\">\n\t\t\t\t\t\t\t\t<div class=\"elementor-element elementor-element-6c73b11f elementor-widget elementor-widget-text-editor\" data-id=\"6c73b11f\" data-element_type=\"widget\" data-widget_type=\"text-editor.default\">\n\t\t\t\t<div class=\"elementor-widget-container\">\n\t\t\t\t\t\t\t<p>[vc_row full_width=&#8221;stretch_row_content_no_spaces&#8221; items_markers=&#8221;%5B%7B%22marker_type%22%3A%22default%22%7D%5D&#8221;][vc_column][insuranced_heading background=&#8221;color&#8221; title=&#8221;Sobre a Confier&#8221;][\/vc_column][\/vc_row][vc_row full_width=&#8221;stretch_row&#8221; css=&#8221;.vc_custom_1478610696514{border-bottom-width: 1px !important;border-bottom-color: #e9e9e9 !important;border-bottom-style: solid !important;}&#8221; items_markers=&#8221;%5B%7B%22marker_type%22%3A%22default%22%7D%5D&#8221;][vc_column css=&#8221;.vc_custom_1478610691593{padding-top: 0px !important;}&#8221;][insuranced_breadcrumbs items=&#8221;%5B%7B%22title%22%3A%22Home%22%2C%22url%22%3A%22%23%22%7D%2C%7B%22title%22%3A%22About%22%2C%22url%22%3A%22%23%22%7D%5D&#8221;][\/vc_column][\/vc_row][vc_row desctop_pt=&#8221;padding-md-65t&#8221; tablets_pt=&#8221;padding-sm-50t&#8221; mobile_pt=&#8221;padding-xs-40t&#8221;][vc_column][insuranced_text_block title_tag=&#8221;h3&#8243; title=&#8221;Confier&#8221;]Atuamos no mercado de seguros desde 2004 com a sede no Distrito Federal e hoje atendemos clientes em todas as Regi\u00f5es Geogr\u00e1ficas do Brasil.<\/p><p>Somos especializados em Seguros Corporativos, atuando em Consultoria de Riscos, Corretagem e Administra\u00e7\u00e3o de Ap\u00f3lices de Seguros e Gest\u00e3o de Benef\u00edcios.<\/p><p>Trabalhamos em parceria com as principais seguradoras e prestadoras de servi\u00e7os do mercado, atendendo da melhor forma as necessidades dos nossos clientes e apresentando solu\u00e7\u00f5es customizadas para a otimiza\u00e7\u00e3o dos resultados e da seguran\u00e7a das opera\u00e7\u00f5es.[\/insuranced_text_block][vc_row_inner][vc_column_inner][vc_empty_space][\/vc_column_inner][\/vc_row_inner][\/vc_column][\/vc_row][vc_row desctop_pb=&#8221;padding-md-85b&#8221; tablets_pb=&#8221;padding-sm-50b&#8221; mobile_pb=&#8221;padding-xs-40b&#8221;][vc_column width=&#8221;1\/2&#8243; tablets_mb=&#8221;margin-sm-20b&#8221; mobile_mb=&#8221;margin-xs-20b&#8221; offset=&#8221;vc_col-md-3 vc_col-sm-offset-0 vc_col-xs-offset-1 vc_col-xs-10&#8243;][vc_single_image image=&#8221;3618&#8243; img_size=&#8221;263&#215;186&#8243; css=&#8221;.vc_custom_1491527921478{margin-bottom: 0px !important;padding-bottom: 0px !important;border-radius: 3px !important;}&#8221;][insuranced_text_block title_tag=&#8221;h3&#8243; title=&#8221;Vis\u00e3o&#8221; css=&#8221;.vc_custom_1491589319925{padding-top: 30px !important;padding-right: 0px !important;}&#8221;]Ser refer\u00eancia em consultoria e gest\u00e3o de riscos nos ramos de seguros de Transporte, Responsabilidade Civil, Sa\u00fade, Medical Stop Loss, Odonto, Vida, Longevidade e Terceiriza\u00e7\u00e3o de Riscos para EFPC no Brasil at\u00e9 2024.[\/insuranced_text_block][\/vc_column][vc_column width=&#8221;1\/2&#8243; tablets_mb=&#8221;margin-sm-20b&#8221; mobile_mb=&#8221;margin-xs-20b&#8221; offset=&#8221;vc_col-md-3 vc_col-sm-offset-0 vc_col-xs-offset-1 vc_col-xs-10&#8243;][vc_single_image image=&#8221;3613&#8243; img_size=&#8221;263&#215;186&#8243; css=&#8221;.vc_custom_1491527909525{margin-bottom: 0px !important;padding-bottom: 0px !important;border-radius: 3px !important;}&#8221;][insuranced_text_block title_tag=&#8221;h3&#8243; title=&#8221;Miss\u00e3o&#8221; css=&#8221;.vc_custom_1491527125844{padding-top: 30px !important;padding-right: 0px !important;}&#8221;]Identificar riscos, fornecer solu\u00e7\u00f5es de prote\u00e7\u00e3o, acompanhar a evolu\u00e7\u00e3o do ambiente de neg\u00f3cio e priorizar o relacionamento com clientes, fornecedores, acionistas e colaboradores[\/insuranced_text_block][\/vc_column][vc_column width=&#8221;1\/2&#8243; tablets_mb=&#8221;margin-sm-20b&#8221; mobile_mb=&#8221;margin-xs-20b&#8221; offset=&#8221;vc_col-md-3 vc_col-sm-offset-0 vc_col-xs-offset-1 vc_col-xs-10&#8243;][vc_single_image image=&#8221;3616&#8243; img_size=&#8221;263&#215;186&#8243; css=&#8221;.vc_custom_1491527915800{margin-bottom: 0px !important;padding-bottom: 0px !important;border-radius: 3px !important;}&#8221;][insuranced_text_block title_tag=&#8221;h3&#8243; title=&#8221;Valores&#8221; css=&#8221;.vc_custom_1491589013050{padding-top: 30px !important;padding-right: 0px !important;}&#8221;]Simplicidade<br \/> Comprometimento<br \/> \u00c9tica<br \/> Responsabilidade<br \/> Flexibilidade Respeito<br \/> Honestidade<br \/> Persist\u00eancia<br \/> Confian\u00e7a<br \/> Transpar\u00eancia<br \/> Iniciativa[\/insuranced_text_block][\/vc_column][vc_column width=&#8221;1\/2&#8243; offset=&#8221;vc_col-md-3 vc_col-sm-offset-0 vc_col-xs-offset-1 vc_col-xs-10&#8243;][vc_single_image image=&#8221;3619&#8243; img_size=&#8221;263&#215;186&#8243; css=&#8221;.vc_custom_1491527893797{margin-bottom: 0px !important;padding-bottom: 0px !important;border-radius: 3px !important;}&#8221;][insuranced_text_block title_tag=&#8221;h3&#8243; title=&#8221;Princ\u00edpios&#8221; css=&#8221;.vc_custom_1491527285632{padding-top: 30px !important;padding-right: 0px !important;}&#8221;]Excel\u00eancia no atendimento<br \/> Solu\u00e7\u00f5es inovadoras<br \/> Crescimento sustent\u00e1vel dos clientes e parceiros Equipe com pessoas que busquem o crescimento profissional<br \/> Foco em resultados econ\u00f4mico-financeiros<br \/> Relacionamento de logo prazo<br \/> Valoriza\u00e7\u00e3o dos colaboradores[\/insuranced_text_block][\/vc_column][\/vc_row][vc_row 0=&#8221;&#8221;][vc_column 0=&#8221;&#8221;][insuranced_title title=&#8221;O que fazemos&#8221; text=&#8221;Buscamos entender o neg\u00f3cio da sua empresa e seus objetivos&#8221;][vc_single_image image=&#8221;3774&#8243; img_size=&#8221;large&#8221; alignment=&#8221;center&#8221;][\/vc_column][\/vc_row][vc_row 0=&#8221;&#8221;][vc_column 0=&#8221;&#8221;][insuranced_title title=&#8221;Nossos Recursos&#8221;][vc_single_image image=&#8221;3738&#8243; img_size=&#8221;large&#8221; alignment=&#8221;center&#8221;][\/vc_column][\/vc_row][vc_row full_width=&#8221;stretch_row&#8221; desctop_pt=&#8221;padding-md-65t&#8221; desctop_pb=&#8221;padding-md-100b&#8221; tablets_pt=&#8221;padding-sm-50t&#8221; tablets_pb=&#8221;padding-sm-50b&#8221; mobile_pt=&#8221;padding-xs-40t&#8221; mobile_pb=&#8221;padding-xs-40b&#8221; css=&#8221;.vc_custom_1485891031273{background-image: url(http:\/\/localhost\/confier\/wp-content\/uploads\/2017\/01\/pattern-light.png?id=18) !important;background-position: 0 0 !important;background-repeat: repeat !important;}&#8221;][vc_column][insuranced_title title=&#8221;Nossa Equipe&#8221; text=&#8221;Conhe\u00e7a a equipe que vai ajudar a sua empresa no mercado de Seguros&#8221;\u00a0<span style=\"color: #000000; font-family: 'Helvetica Neue'; font-size: 12px; font-style: normal; font-variant-ligatures: normal; font-variant-caps: normal; font-weight: 400;\">css=&#8221;.vc_custom_1492477734200{margin-bottom: 45px !important;}&#8221;][vc_row_inner][vc_column_inner width=&#8221;1\/2&#8243;] [insuranced_team name=&#8221;S\u00e2mia Hetti&#8221; position=&#8221;Diretora&#8221; social=&#8221;%5B%7B%7D%5D&#8221; image=&#8221;20&#8243;][\/vc_column_inner][vc_column_inner width=&#8221;1\/2&#8243;] [insuranced_team name=&#8221;Alessandro Carneiro&#8221; position=&#8221;Diretor&#8221; social=&#8221;%5B%7B%7D%5D&#8221; image=&#8221;20&#8243;][\/vc_column_inner][vc_column_inner width=&#8221;1\/2&#8243;][\/vc_column_inner][\/vc_row_inner][vc_row_inner 0=&#8221;&#8221;][vc_column_inner width=&#8221;1\/3&#8243;][insuranced_team name=&#8221;Gleicy Kelle &#8221; position=&#8221;Sa\u00fade e Odonto &#8221; social=&#8221;%5B%7B%7D%5D&#8221; image=&#8221;22&#8243;][\/vc_column_inner][vc_column_inner width=&#8221;1\/3&#8243;][insuranced_team name=&#8221;B\u00e1rbara Ferreira&#8221; position=&#8221;Vida e Previd\u00eancia Complementar&#8221; social=&#8221;%5B%7B%7D%5D&#8221; image=&#8221;24&#8243;][\/vc_column_inner][vc_column_inner width=&#8221;1\/3&#8243;][insuranced_team name=&#8221;\u00c9rica Leite&#8221; position=&#8221;RC Profissional, Vida e D&amp;O&#8221; social=&#8221;%5B%7B%7D%5D&#8221; image=&#8221;20&#8243;][\/vc_column_inner][\/vc_row_inner][vc_row_inner 0=&#8221;&#8221;][vc_column_inner width=&#8221;1\/3&#8243;][insuranced_team name=&#8221;Guilherme Yves&#8221; position=&#8221;Frota, Patrimonial e Transporte de Cargas&#8221; social=&#8221;%5B%7B%7D%5D&#8221; image=&#8221;21&#8243;][\/vc_column_inner][vc_column_inner width=&#8221;1\/3&#8243;][insuranced_team name=&#8221;Danilo Costa &#8221; position=&#8221;Transporte de Cargas &#8221; social=&#8221;%5B%7B%7D%5D&#8221; image=&#8221;21&#8243;][\/vc_column_inner][vc_column_inner width=&#8221;1\/3&#8243;] [insuranced_team name=&#8221;Luciana Ara\u00fajo&#8221; position=&#8221;Sa\u00fade e Odonto&#8221; social=&#8221;%5B%7B%7D%5D&#8221; image=&#8221;22&#8243;][\/vc_column_inner][vc_column_inner width=&#8221;1\/3&#8243;][\/vc_column_inner][\/vc_row_inner][\/vc_column][\/vc_row][vc_row 0=&#8221;&#8221;][vc_column 0=&#8221;&#8221;][insuranced_title title=&#8221;Clientes no Brasil&#8221;][vc_single_image image=&#8221;3776&#8243; img_size=&#8221;medium&#8221; alignment=&#8221;center&#8221;][insuranced_text_block]<\/span><\/p>\t\t\t\t\t\t<\/div>\n\t\t\t\t<\/div>\n\t\t\t\t\t<\/div>\n\t\t<\/div>\n\t\t\t\t\t\t\t<\/div>\n\t\t<\/section>\n\t\t\t\t\t\t\t<\/div>\n\t\t","protected":false},"excerpt":{"rendered":"<p>[vc_row full_width=&#8221;stretch_row_content_no_spaces&#8221; items_markers=&#8221;%5B%7B%22marker_type%22%3A%22default%22%7D%5D&#8221;][vc_column][insuranced_heading background=&#8221;color&#8221; title=&#8221;Sobre a Confier&#8221;][\/vc_column][\/vc_row][vc_row full_width=&#8221;stretch_row&#8221; css=&#8221;.vc_custom_1478610696514{border-bottom-width: 1px !important;border-bottom-color: #e9e9e9 !important;border-bottom-style: solid !important;}&#8221; items_markers=&#8221;%5B%7B%22marker_type%22%3A%22default%22%7D%5D&#8221;][vc_column css=&#8221;.vc_custom_1478610691593{padding-top: 0px !important;}&#8221;][insuranced_breadcrumbs items=&#8221;%5B%7B%22title%22%3A%22Home%22%2C%22url%22%3A%22%23%22%7D%2C%7B%22title%22%3A%22About%22%2C%22url%22%3A%22%23%22%7D%5D&#8221;][\/vc_column][\/vc_row][vc_row desctop_pt=&#8221;padding-md-65t&#8221; tablets_pt=&#8221;padding-sm-50t&#8221; mobile_pt=&#8221;padding-xs-40t&#8221;][vc_column][insuranced_text_block title_tag=&#8221;h3&#8243; title=&#8221;Confier&#8221;]Atuamos no mercado de seguros desde 2004 com a sede no Distrito Federal e hoje atendemos clientes em todas as Regi\u00f5es Geogr\u00e1ficas do Brasil. Somos especializados em Seguros Corporativos, atuando em [&hellip;]<\/p>\n","protected":false},"author":1,"featured_media":0,"parent":0,"menu_order":0,"comment_status":"closed","ping_status":"closed","template":"","meta":{"footnotes":""},"aioseo_notices":[],"_links":{"self":[{"href":"https:\/\/confier.com.br\/site\/wp-json\/wp\/v2\/pages\/11"}],"collection":[{"href":"https:\/\/confier.com.br\/site\/wp-json\/wp\/v2\/pages"}],"about":[{"href":"https:\/\/confier.com.br\/site\/wp-json\/wp\/v2\/types\/page"}],"author":[{"embeddable":true,"href":"https:\/\/confier.com.br\/site\/wp-json\/wp\/v2\/users\/1"}],"replies":[{"embeddable":true,"href":"https:\/\/confier.com.br\/site\/wp-json\/wp\/v2\/comments?post=11"}],"version-history":[{"count":65,"href":"https:\/\/confier.com.br\/site\/wp-json\/wp\/v2\/pages\/11\/revisions"}],"predecessor-version":[{"id":3942,"href":"https:\/\/confier.com.br\/site\/wp-json\/wp\/v2\/pages\/11\/revisions\/3942"}],"wp:attachment":[{"href":"https:\/\/confier.com.br\/site\/wp-json\/wp\/v2\/media?parent=11"}],"curies":[{"name":"wp","href":"https:\/\/api.w.org\/{rel}","templated":true}]}}